{"id":4570,"date":"2023-02-20T13:29:51","date_gmt":"2023-02-20T13:29:51","guid":{"rendered":"https:\/\/www.institutsothys.paris\/legal-mentions\/"},"modified":"2025-08-07T12:51:22","modified_gmt":"2025-08-07T12:51:22","slug":"legal-mentions","status":"publish","type":"page","link":"https:\/\/www.institutsothys.paris\/en\/legal-mentions\/","title":{"rendered":"Legal mentions"},"content":{"rendered":"\t\t<div data-elementor-type=\"wp-page\" data-elementor-id=\"4570\" class=\"elementor elementor-4570 elementor-4401\" data-elementor-post-type=\"page\">\n\t\t\t\t\t\t<section class=\"elementor-section elementor-top-section elementor-element elementor-element-8858b6a elementor-section-boxed elementor-section-height-default elementor-section-height-default parallax_section_no qode_elementor_container_no\" data-id=\"8858b6a\" data-element_type=\"section\" data-e-type=\"section\">\n\t\t\t\t\t\t<div class=\"elementor-container elementor-column-gap-default\">\n\t\t\t\t\t<div class=\"elementor-column elementor-col-100 elementor-top-column elementor-element elementor-element-3c76f7b\" data-id=\"3c76f7b\" data-element_type=\"column\" data-e-type=\"column\">\n\t\t\t<div class=\"elementor-widget-wrap elementor-element-populated\">\n\t\t\t\t\t\t<div class=\"elementor-element elementor-element-024c131 elementor-widget elementor-widget-text-editor\" data-id=\"024c131\" data-element_type=\"widget\" data-e-type=\"widget\" data-widget_type=\"text-editor.default\">\n\t\t\t\t<div class=\"elementor-widget-container\">\n\t\t\t\t\t\t\t\t\t<p><strong>TERMS OF USE OF THIS WEBSITE<\/strong><\/p><p><strong>I\/ LEGAL MENTIONS<\/strong><\/p><p><strong><br \/><u>Publisher<\/u><\/strong>: This website <a href=\"http:\/\/helia\/juridique\/Sites%20Internet%20Groupe\/Sites%20internet%20Sothys%20Paris\/L'Institut\/R%C3%A9servation%20soins%20et%20bons%20cadeaux%20-%20Spa%20Booker\/Versions%202023%20(nouveau%20site)\/www.institutsothys.paris\">www.institutsothys.paris<\/a> (\u201chereinafter the \u201cWebsite\u201d) is the property of the company SOTHYS PARIS, a French \u201csoci\u00e9t\u00e9 par actions simplifi\u00e9e\u201d with a capital of 250 000 Euros, whose registered office is located at 128 rue du Faubourg Saint Honor\u00e9, 75008 Paris (France), registered with the registrar of companies of Paris under n\u00b0451 170 807, VAT n\u00b0 : FR 41 451 170 807, IDU number: FR241129_01WMJV, Phone + 33 1 53 93 91 53 <a href=\"mailto:institut@sothys.net\">institut@sothys.net<\/a>.<\/p><p><strong><u>Director of publication<\/u><\/strong>: Mr. Christian MAS as President of the company SOTHYS PARIS<\/p><p><strong><u>Host<\/u><\/strong>: This website is hosted by KORTEEX (WP Trigone) SAS, 156 Av. De la Libert\u00e9 \u2013 06220 VALLAURIS \u2013 France (RCS Antibes 909.025.165).<\/p><p><strong><u>Governing law<\/u><\/strong>: these conditions are governed by and construed according to French law. French courts are the only one competent to know of any dispute directly or indirectly related to this website or its use.<\/p><p><strong><u>Contact<\/u><\/strong>: You can address your questions or comments related to this document to SOTHYS PARIS, 128 Rue du Faubourg Saint -Honor\u00e9 \u2013 75008 Paris (France) or by e-mail to <a href=\"mailto:institut@sothys.net\">institut@sothys.net.<\/a><\/p><p><strong>Mediator:<\/strong> In accordance with the provisions of the Consumer Code concerning the amicable settlement of disputes, SOTHYS PARIS has adhered to the services of the Mediation and Arbitration Centre of Paris (CMAP) (hereinafter the &#8220;Mediator&#8221;) whose coordinates are the following: 39 avenue Franklin Delano Roosevelt, 75008 PARIS https:\/\/www.cmap.fr . <a href=\"https:\/\/www.cmap.fr\/\">https:\/\/www.cmap.fr<\/a>.<\/p><p>Consequently, in the event of a dispute not amicably resolved with SOTHYS PARIS, you may submit the dispute to the Mediator free of charge. To find out how to contact the Mediator, you can consult: <a href=\"https:\/\/www.cmap.fr\/offre\/un-consommateur\/\">https:\/\/www.cmap.fr\/offre\/un-consommateur\/<\/a><\/p><p>If the dispute is not resolved within the framework of this mediation, the dispute will be brought before the competent French courts.<\/p><p><strong>II\/ WEBSITE ACCESS \/ LIABILITY<\/strong><\/p><p><strong><br \/><u>Access to this website:<\/u><\/strong><\/p><p>The present conditions of access to this website and its use are deemed accepted without reservation by any visitor who accesses this website after their posting.<\/p><p>These conditions may be modified at any time. These modifications are published by putting them online and deemed accepted under the same conditions as those mentioned above.<\/p><p>This website is accessible free and freely by all people with an internet connection. Telecommunication costs remain your responsibility.<\/p><p>Access to certain features of this website may however be limited. Thus, the creation of a customer account is reserved for adults (i.e.: eighteen or over).<\/p><p>When creating your customer account, it is your responsibility to determine your access code and ensure its preservation. If you lose or forget this code, it is up to you to reset it, since we do not have access to your code.<\/p><p>You are advised that in case of non-compliance with any of the rules indicated in these conditions, we reserve the right to suspend access to your account.<\/p><p>The number of attempts to access your account is limited to three, to prevent fraudulent use of your account.<\/p><p><strong><u>Liabilitiy<\/u><\/strong>:<\/p><p>We implement the necessary means to offer you information and\/or tools available and verified, but cannot be held responsible for errors, lack of availability of information and \/ or the presence of viruses on this website.<\/p><p>In no event shall we be held liable for damages, direct or indirect, whatever the causes, origins, nature and consequences arising from access to this website or the impossibility to access it, as well as the use of this website.<\/p><p><strong>III\/ INTELLECTUAL PROPERTY \/ RIGHT OF IMAGE<\/strong><\/p><p><strong><br \/><\/strong>This website is our exclusive property and we are the only ones entitled to use the intellectual property rights and personality rights relating directly or indirectly to this website or to any of its component elements and which may not be free of rights, notably trademarks, copyrights and image rights, either as an original title or with the permission of their owner or holder.<\/p><p>We designed and produced this website with the intervention of the company Pixine (homepage).<\/p><p>Any use by whatever method (notably: downloading, reproduction, transmission or representation), whether this be of all or part of this website, or any of its component elements (notably: photos, images, texts, brands, logos and domain names), for any purpose other than personal and private use for non-commercial purposes, and without our prior written permission is strictly forbidden.<\/p><p>Any unauthorised use of any of these elements constitutes an infringement punishable by law.<\/p><p>All authorised use shall be carried out in compliance with the laws of copyright, in particular referencing the author of the reproduced work.<\/p><p><strong>IV\/ INFORMATION CONTAINED ON THIS WEBSITE<\/strong><\/p><p><strong><br \/><u>General information<\/u>:<\/strong><\/p><p>We endeavour to update the content of this website and to provide users with accurate information.<\/p><p>Inaccuracies or omissions may appear in the information available on this website, particularly due to third parties. We undertake to rectify any inaccuracies or to complete this information on this website as soon as possible.<\/p><p><strong><u>Hypertext links<\/u><\/strong>:<\/p><p>This website may contain links to other sites. We cannot be held responsible for the availability or content contained on or obtained through these sites.<\/p><p>Hyperlinks to this website may not be created without our prior written consent.<\/p>\t\t\t\t\t\t\t\t<\/div>\n\t\t\t\t<\/div>\n\t\t\t\t\t<\/div>\n\t\t<\/div>\n\t\t\t\t\t<\/div>\n\t\t<\/section>\n\t\t\t\t<section class=\"elementor-section elementor-top-section elementor-element elementor-element-fe58ecd elementor-section-boxed elementor-section-height-default elementor-section-height-default parallax_section_no qode_elementor_container_no\" data-id=\"fe58ecd\" data-element_type=\"section\" data-e-type=\"section\">\n\t\t\t\t\t\t<div class=\"elementor-container elementor-column-gap-default\">\n\t\t\t\t\t<div class=\"elementor-column elementor-col-100 elementor-top-column elementor-element elementor-element-055265d\" data-id=\"055265d\" data-element_type=\"column\" data-e-type=\"column\">\n\t\t\t<div class=\"elementor-widget-wrap elementor-element-populated\">\n\t\t\t\t\t\t<div class=\"elementor-element elementor-element-d7a5e47 elementor-widget elementor-widget-spacer\" data-id=\"d7a5e47\" data-element_type=\"widget\" data-e-type=\"widget\" data-widget_type=\"spacer.default\">\n\t\t\t\t<div class=\"elementor-widget-container\">\n\t\t\t\t\t\t\t<div class=\"elementor-spacer\">\n\t\t\t<div class=\"elementor-spacer-inner\"><\/div>\n\t\t<\/div>\n\t\t\t\t\t\t<\/div>\n\t\t\t\t<\/div>\n\t\t\t\t\t<\/div>\n\t\t<\/div>\n\t\t\t\t\t<\/div>\n\t\t<\/section>\n\t\t\t\t<\/div>\n\t\t","protected":false},"excerpt":{"rendered":"<p>TERMS OF USE OF THIS WEBSITE I\/ LEGAL MENTIONS Publisher: This website www.institutsothys.paris (\u201chereinafter the \u201cWebsite\u201d) is the property of the company SOTHYS PARIS, a French \u201csoci\u00e9t\u00e9 par actions simplifi\u00e9e\u201d with a capital of 250 000 Euros, whose registered office is located at 128 rue&#8230;<\/p>\n","protected":false},"author":4,"featured_media":0,"parent":0,"menu_order":0,"comment_status":"closed","ping_status":"closed","template":"","meta":{"om_disable_all_campaigns":false,"_monsterinsights_skip_tracking":false,"_monsterinsights_sitenote_active":false,"_monsterinsights_sitenote_note":"","_monsterinsights_sitenote_category":0,"_uf_show_specific_survey":0,"_uf_disable_surveys":false,"footnotes":""},"class_list":["post-4570","page","type-page","status-publish","hentry"],"yoast_head":"<!-- This site is optimized with the Yoast SEO plugin v27.4 - https:\/\/yoast.com\/product\/yoast-seo-wordpress\/ -->\n<title>Legal mentions - Institut Sothys Paris<\/title>\n<meta name=\"robots\" content=\"index, follow, max-snippet:-1, max-image-preview:large, max-video-preview:-1\" \/>\n<link rel=\"canonical\" href=\"https:\/\/www.institutsothys.paris\/mentions-legales\/\" \/>\n<meta property=\"og:locale\" content=\"en_US\" \/>\n<meta property=\"og:type\" content=\"article\" \/>\n<meta property=\"og:title\" content=\"Legal mentions - Institut Sothys Paris\" \/>\n<meta property=\"og:description\" content=\"TERMS OF USE OF THIS WEBSITE I\/ LEGAL MENTIONS Publisher: This website www.institutsothys.paris (\u201chereinafter the \u201cWebsite\u201d) is the property of the company SOTHYS PARIS, a French \u201csoci\u00e9t\u00e9 par actions simplifi\u00e9e\u201d with a capital of 250 000 Euros, whose registered office is located at 128 rue...\" \/>\n<meta property=\"og:url\" content=\"https:\/\/www.institutsothys.paris\/mentions-legales\/\" \/>\n<meta property=\"og:site_name\" content=\"Institut Sothys Paris\" \/>\n<meta property=\"article:publisher\" content=\"https:\/\/www.facebook.com\/people\/LInstitut-Sothys\/100051055309091\/\" \/>\n<meta property=\"article:modified_time\" content=\"2025-08-07T12:51:22+00:00\" \/>\n<meta name=\"twitter:card\" content=\"summary_large_image\" \/>\n<meta name=\"twitter:label1\" content=\"Est. reading time\" \/>\n\t<meta name=\"twitter:data1\" content=\"4 minutes\" \/>\n<script type=\"application\/ld+json\" class=\"yoast-schema-graph\">{\"@context\":\"https:\\\/\\\/schema.org\",\"@graph\":[{\"@type\":\"WebPage\",\"@id\":\"https:\\\/\\\/www.institutsothys.paris\\\/mentions-legales\\\/\",\"url\":\"https:\\\/\\\/www.institutsothys.paris\\\/mentions-legales\\\/\",\"name\":\"Legal mentions - Institut Sothys Paris\",\"isPartOf\":{\"@id\":\"https:\\\/\\\/www.institutsothys.paris\\\/#website\"},\"datePublished\":\"2023-02-20T13:29:51+00:00\",\"dateModified\":\"2025-08-07T12:51:22+00:00\",\"breadcrumb\":{\"@id\":\"https:\\\/\\\/www.institutsothys.paris\\\/mentions-legales\\\/#breadcrumb\"},\"inLanguage\":\"en-US\",\"potentialAction\":[{\"@type\":\"ReadAction\",\"target\":[\"https:\\\/\\\/www.institutsothys.paris\\\/mentions-legales\\\/\"]}]},{\"@type\":\"BreadcrumbList\",\"@id\":\"https:\\\/\\\/www.institutsothys.paris\\\/mentions-legales\\\/#breadcrumb\",\"itemListElement\":[{\"@type\":\"ListItem\",\"position\":1,\"name\":\"Accueil\",\"item\":\"https:\\\/\\\/www.institutsothys.paris\\\/\"},{\"@type\":\"ListItem\",\"position\":2,\"name\":\"Legal mentions\"}]},{\"@type\":\"WebSite\",\"@id\":\"https:\\\/\\\/www.institutsothys.paris\\\/#website\",\"url\":\"https:\\\/\\\/www.institutsothys.paris\\\/\",\"name\":\"Institut Sothys Paris\",\"description\":\"Bienvenue \u00e0 l&#039;Institut Sothys\",\"publisher\":{\"@id\":\"https:\\\/\\\/www.institutsothys.paris\\\/#organization\"},\"potentialAction\":[{\"@type\":\"SearchAction\",\"target\":{\"@type\":\"EntryPoint\",\"urlTemplate\":\"https:\\\/\\\/www.institutsothys.paris\\\/?s={search_term_string}\"},\"query-input\":{\"@type\":\"PropertyValueSpecification\",\"valueRequired\":true,\"valueName\":\"search_term_string\"}}],\"inLanguage\":\"en-US\"},{\"@type\":\"Organization\",\"@id\":\"https:\\\/\\\/www.institutsothys.paris\\\/#organization\",\"name\":\"Institut Sothys Paris\",\"url\":\"https:\\\/\\\/www.institutsothys.paris\\\/\",\"logo\":{\"@type\":\"ImageObject\",\"inLanguage\":\"en-US\",\"@id\":\"https:\\\/\\\/www.institutsothys.paris\\\/#\\\/schema\\\/logo\\\/image\\\/\",\"url\":\"https:\\\/\\\/www.institutsothys.paris\\\/wp-content\\\/uploads\\\/2022\\\/08\\\/cropped-deesse-sothys-antibes.png\",\"contentUrl\":\"https:\\\/\\\/www.institutsothys.paris\\\/wp-content\\\/uploads\\\/2022\\\/08\\\/cropped-deesse-sothys-antibes.png\",\"width\":512,\"height\":512,\"caption\":\"Institut Sothys Paris\"},\"image\":{\"@id\":\"https:\\\/\\\/www.institutsothys.paris\\\/#\\\/schema\\\/logo\\\/image\\\/\"},\"sameAs\":[\"https:\\\/\\\/www.facebook.com\\\/people\\\/LInstitut-Sothys\\\/100051055309091\\\/\",\"https:\\\/\\\/www.instagram.com\\\/linstitutsothys\\\/?hl=fr\"]}]}<\/script>\n<!-- \/ Yoast SEO plugin. -->","yoast_head_json":{"title":"Legal mentions - Institut Sothys Paris","robots":{"index":"index","follow":"follow","max-snippet":"max-snippet:-1","max-image-preview":"max-image-preview:large","max-video-preview":"max-video-preview:-1"},"canonical":"https:\/\/www.institutsothys.paris\/mentions-legales\/","og_locale":"en_US","og_type":"article","og_title":"Legal mentions - Institut Sothys Paris","og_description":"TERMS OF USE OF THIS WEBSITE I\/ LEGAL MENTIONS Publisher: This website www.institutsothys.paris (\u201chereinafter the \u201cWebsite\u201d) is the property of the company SOTHYS PARIS, a French \u201csoci\u00e9t\u00e9 par actions simplifi\u00e9e\u201d with a capital of 250 000 Euros, whose registered office is located at 128 rue...","og_url":"https:\/\/www.institutsothys.paris\/mentions-legales\/","og_site_name":"Institut Sothys Paris","article_publisher":"https:\/\/www.facebook.com\/people\/LInstitut-Sothys\/100051055309091\/","article_modified_time":"2025-08-07T12:51:22+00:00","twitter_card":"summary_large_image","twitter_misc":{"Est. reading time":"4 minutes"},"schema":{"@context":"https:\/\/schema.org","@graph":[{"@type":"WebPage","@id":"https:\/\/www.institutsothys.paris\/mentions-legales\/","url":"https:\/\/www.institutsothys.paris\/mentions-legales\/","name":"Legal mentions - Institut Sothys Paris","isPartOf":{"@id":"https:\/\/www.institutsothys.paris\/#website"},"datePublished":"2023-02-20T13:29:51+00:00","dateModified":"2025-08-07T12:51:22+00:00","breadcrumb":{"@id":"https:\/\/www.institutsothys.paris\/mentions-legales\/#breadcrumb"},"inLanguage":"en-US","potentialAction":[{"@type":"ReadAction","target":["https:\/\/www.institutsothys.paris\/mentions-legales\/"]}]},{"@type":"BreadcrumbList","@id":"https:\/\/www.institutsothys.paris\/mentions-legales\/#breadcrumb","itemListElement":[{"@type":"ListItem","position":1,"name":"Accueil","item":"https:\/\/www.institutsothys.paris\/"},{"@type":"ListItem","position":2,"name":"Legal mentions"}]},{"@type":"WebSite","@id":"https:\/\/www.institutsothys.paris\/#website","url":"https:\/\/www.institutsothys.paris\/","name":"Institut Sothys Paris","description":"Bienvenue \u00e0 l&#039;Institut Sothys","publisher":{"@id":"https:\/\/www.institutsothys.paris\/#organization"},"potentialAction":[{"@type":"SearchAction","target":{"@type":"EntryPoint","urlTemplate":"https:\/\/www.institutsothys.paris\/?s={search_term_string}"},"query-input":{"@type":"PropertyValueSpecification","valueRequired":true,"valueName":"search_term_string"}}],"inLanguage":"en-US"},{"@type":"Organization","@id":"https:\/\/www.institutsothys.paris\/#organization","name":"Institut Sothys Paris","url":"https:\/\/www.institutsothys.paris\/","logo":{"@type":"ImageObject","inLanguage":"en-US","@id":"https:\/\/www.institutsothys.paris\/#\/schema\/logo\/image\/","url":"https:\/\/www.institutsothys.paris\/wp-content\/uploads\/2022\/08\/cropped-deesse-sothys-antibes.png","contentUrl":"https:\/\/www.institutsothys.paris\/wp-content\/uploads\/2022\/08\/cropped-deesse-sothys-antibes.png","width":512,"height":512,"caption":"Institut Sothys Paris"},"image":{"@id":"https:\/\/www.institutsothys.paris\/#\/schema\/logo\/image\/"},"sameAs":["https:\/\/www.facebook.com\/people\/LInstitut-Sothys\/100051055309091\/","https:\/\/www.instagram.com\/linstitutsothys\/?hl=fr"]}]}},"_links":{"self":[{"href":"https:\/\/www.institutsothys.paris\/en\/wp-json\/wp\/v2\/pages\/4570","targetHints":{"allow":["GET"]}}],"collection":[{"href":"https:\/\/www.institutsothys.paris\/en\/wp-json\/wp\/v2\/pages"}],"about":[{"href":"https:\/\/www.institutsothys.paris\/en\/wp-json\/wp\/v2\/types\/page"}],"author":[{"embeddable":true,"href":"https:\/\/www.institutsothys.paris\/en\/wp-json\/wp\/v2\/users\/4"}],"replies":[{"embeddable":true,"href":"https:\/\/www.institutsothys.paris\/en\/wp-json\/wp\/v2\/comments?post=4570"}],"version-history":[{"count":4,"href":"https:\/\/www.institutsothys.paris\/en\/wp-json\/wp\/v2\/pages\/4570\/revisions"}],"predecessor-version":[{"id":9860,"href":"https:\/\/www.institutsothys.paris\/en\/wp-json\/wp\/v2\/pages\/4570\/revisions\/9860"}],"wp:attachment":[{"href":"https:\/\/www.institutsothys.paris\/en\/wp-json\/wp\/v2\/media?parent=4570"}],"curies":[{"name":"wp","href":"https:\/\/api.w.org\/{rel}","templated":true}]}}